{"id":139,"date":"2025-01-10T10:32:16","date_gmt":"2025-01-10T15:32:16","guid":{"rendered":"https:\/\/evloenergy.com\/?page_id=139"},"modified":"2026-01-07T10:42:46","modified_gmt":"2026-01-07T15:42:46","slug":"evloflex","status":"publish","type":"page","link":"https:\/\/evloenergy.com\/fr\/solutions\/evloflex\/","title":{"rendered":"EVLOFLEX"},"content":{"rendered":"\n<h2 class=\"wp-block-heading txt-bleu filet\">Optimisez votre r\u00e9seau \u00e9lectrique gr\u00e2ce \u00e0 EVLOFLEX<\/h2>\n\n\n\n<p>D\u00e9couvrez EVLOFLEX et voyez comment notre syst\u00e8me de stockage d\u2019\u00e9nergie permet aux entreprises et aux services publics de garantir une alimentation fiable en \u00e9nergie renouvelable, de stabiliser les r\u00e9seaux, de contr\u00f4ler les flux et d\u2019optimiser l\u2019exploitation des actifs. EVLOFLEX peut s\u2019adapter \u00e0 un large \u00e9ventail d\u2019applications en puissance ou en \u00e9nergie, telles que: <\/p>\n","protected":false},"excerpt":{"rendered":"<p>Optimisez votre r\u00e9seau \u00e9lectrique gr\u00e2ce \u00e0 EVLOFLEX D\u00e9couvrez EVLOFLEX et voyez comment notre syst\u00e8me de stockage d\u2019\u00e9nergie permet aux entreprises et aux services publics de garantir une alimentation fiable en \u00e9nergie renouvelable, de stabiliser les r\u00e9seaux, de contr\u00f4ler les flux et d\u2019optimiser l\u2019exploitation des actifs. EVLOFLEX peut s\u2019adapter \u00e0 un large \u00e9ventail d\u2019applications en puissance [&#8230;]<\/p>\n<p><a class=\"btn btn-secondary understrap-read-more-link\" href=\"https:\/\/evloenergy.com\/fr\/solutions\/evloflex\/\">Read More&#8230;<span class=\"screen-reader-text\"> from EVLOFLEX<\/span><\/a><\/p>\n","protected":false},"author":1,"featured_media":0,"parent":88,"menu_order":0,"comment_status":"closed","ping_status":"closed","template":"page-evloflex.php","meta":{"_acf_changed":true,"footnotes":""},"class_list":["post-139","page","type-page","status-publish","hentry"],"acf":[],"aioseo_notices":[],"_links":{"self":[{"href":"https:\/\/evloenergy.com\/fr\/wp-json\/wp\/v2\/pages\/139","targetHints":{"allow":["GET"]}}],"collection":[{"href":"https:\/\/evloenergy.com\/fr\/wp-json\/wp\/v2\/pages"}],"about":[{"href":"https:\/\/evloenergy.com\/fr\/wp-json\/wp\/v2\/types\/page"}],"author":[{"embeddable":true,"href":"https:\/\/evloenergy.com\/fr\/wp-json\/wp\/v2\/users\/1"}],"replies":[{"embeddable":true,"href":"https:\/\/evloenergy.com\/fr\/wp-json\/wp\/v2\/comments?post=139"}],"version-history":[{"count":0,"href":"https:\/\/evloenergy.com\/fr\/wp-json\/wp\/v2\/pages\/139\/revisions"}],"up":[{"embeddable":true,"href":"https:\/\/evloenergy.com\/fr\/wp-json\/wp\/v2\/pages\/88"}],"wp:attachment":[{"href":"https:\/\/evloenergy.com\/fr\/wp-json\/wp\/v2\/media?parent=139"}],"curies":[{"name":"wp","href":"https:\/\/api.w.org\/{rel}","templated":true}]}}