{"id":1455,"date":"2025-06-17T10:15:43","date_gmt":"2025-06-17T14:15:43","guid":{"rendered":"https:\/\/evloenergy.com\/qui-nous-sommes\/our-story\/"},"modified":"2025-06-23T09:42:35","modified_gmt":"2025-06-23T13:42:35","slug":"notre-histoire","status":"publish","type":"page","link":"https:\/\/evloenergy.com\/fr\/qui-nous-sommes\/notre-histoire\/","title":{"rendered":"Notre histoire"},"content":{"rendered":"\n<h2 class=\"wp-block-heading filet txt-bleu\">De la vision d\u2019Hydro-Qu\u00e9bec \u00e0 l\u2019innovation d\u2019EVLO<\/h2>\n\n\n\n<p>Stockage d\u2019\u00e9nergie EVLO est n\u00e9e d\u2019une ambition claire : contribuer \u00e0 un avenir \u00e9nerg\u00e9tique plus propre et plus r\u00e9silient. Soutenue par l\u2019engagement historique d\u2019Hydro-Qu\u00e9bec en mati\u00e8re d\u2019innovation \u00e9nerg\u00e9tique, EVLO s\u2019appuie sur des d\u00e9cennies de recherche de l\u2019Institut de recherche d\u2019Hydro-Qu\u00e9bec (IREQ), \u00e0 l\u2019origine de centaines de brevets et d\u2019avanc\u00e9es en chimie des batteries reconnues pour leur s\u00e9curit\u00e9 et leur performance.<\/p>\n\n\n\n<p class=\"surtitre semi-bold\">En tant que filiale d\u2019Hydro-Qu\u00e9bec, EVLO b\u00e9n\u00e9ficie d\u2019infrastructures de calibre mondial, d\u2019une expertise technique approfondie et d\u2019une cr\u00e9dibilit\u00e9 in\u00e9gal\u00e9e dans le secteur de l\u2019\u00e9nergie.<\/p>\n","protected":false},"excerpt":{"rendered":"<p>De la vision d\u2019Hydro-Qu\u00e9bec \u00e0 l\u2019innovation d\u2019EVLO Stockage d\u2019\u00e9nergie EVLO est n\u00e9e d\u2019une ambition claire : contribuer \u00e0 un avenir \u00e9nerg\u00e9tique plus propre et plus r\u00e9silient. Soutenue par l\u2019engagement historique d\u2019Hydro-Qu\u00e9bec en mati\u00e8re d\u2019innovation \u00e9nerg\u00e9tique, EVLO s\u2019appuie sur des d\u00e9cennies de recherche de l\u2019Institut de recherche d\u2019Hydro-Qu\u00e9bec (IREQ), \u00e0 l\u2019origine de centaines de brevets et [&#8230;]<\/p>\n<p><a class=\"btn btn-secondary understrap-read-more-link\" href=\"https:\/\/evloenergy.com\/fr\/qui-nous-sommes\/notre-histoire\/\">Read More&#8230;<span class=\"screen-reader-text\"> from Notre histoire<\/span><\/a><\/p>\n","protected":false},"author":1,"featured_media":0,"parent":22,"menu_order":0,"comment_status":"closed","ping_status":"closed","template":"page-story.php","meta":{"_acf_changed":true,"footnotes":""},"class_list":["post-1455","page","type-page","status-publish","hentry"],"acf":[],"aioseo_notices":[],"_links":{"self":[{"href":"https:\/\/evloenergy.com\/fr\/wp-json\/wp\/v2\/pages\/1455","targetHints":{"allow":["GET"]}}],"collection":[{"href":"https:\/\/evloenergy.com\/fr\/wp-json\/wp\/v2\/pages"}],"about":[{"href":"https:\/\/evloenergy.com\/fr\/wp-json\/wp\/v2\/types\/page"}],"author":[{"embeddable":true,"href":"https:\/\/evloenergy.com\/fr\/wp-json\/wp\/v2\/users\/1"}],"replies":[{"embeddable":true,"href":"https:\/\/evloenergy.com\/fr\/wp-json\/wp\/v2\/comments?post=1455"}],"version-history":[{"count":0,"href":"https:\/\/evloenergy.com\/fr\/wp-json\/wp\/v2\/pages\/1455\/revisions"}],"up":[{"embeddable":true,"href":"https:\/\/evloenergy.com\/fr\/wp-json\/wp\/v2\/pages\/22"}],"wp:attachment":[{"href":"https:\/\/evloenergy.com\/fr\/wp-json\/wp\/v2\/media?parent=1455"}],"curies":[{"name":"wp","href":"https:\/\/api.w.org\/{rel}","templated":true}]}}