{"id":162,"date":"2025-01-10T14:32:09","date_gmt":"2025-01-10T19:32:09","guid":{"rendered":"https:\/\/evloenergy.com\/?page_id=162"},"modified":"2025-05-30T09:40:21","modified_gmt":"2025-05-30T13:40:21","slug":"evlogix","status":"publish","type":"page","link":"https:\/\/evloenergy.com\/fr\/solutions\/evlogix\/","title":{"rendered":"EVLOGIX"},"content":{"rendered":"\n<h2 class=\"wp-block-heading txt-bleu filet\">Lib\u00e9rez le potentiel de vos \u00e9quipements de stockage d\u2019\u00e9nergie<\/h2>\n\n\n\n<p>Notre suite logicielle de gestion de l\u2019\u00e9nergie (SGE) utilise des algorithmes exclusifs d\u00e9velopp\u00e9s \u00e0 l\u2019interne qui acheminent de fa\u00e7on dynamique les flux d\u2019\u00e9nergie \u00e0 l\u2019int\u00e9rieur et \u00e0 l\u2019ext\u00e9rieur des cha\u00eenes de batteries individuelles, offrant une solution unique et adaptable aux exigences de tout r\u00e9seau ou service. <\/p>\n","protected":false},"excerpt":{"rendered":"<p>Lib\u00e9rez le potentiel de vos \u00e9quipements de stockage d\u2019\u00e9nergie Notre suite logicielle de gestion de l\u2019\u00e9nergie (SGE) utilise des algorithmes exclusifs d\u00e9velopp\u00e9s \u00e0 l\u2019interne qui acheminent de fa\u00e7on dynamique les flux d\u2019\u00e9nergie \u00e0 l\u2019int\u00e9rieur et \u00e0 l\u2019ext\u00e9rieur des cha\u00eenes de batteries individuelles, offrant une solution unique et adaptable aux exigences de tout r\u00e9seau ou service. [&#8230;]<\/p>\n<p><a class=\"btn btn-secondary understrap-read-more-link\" href=\"https:\/\/evloenergy.com\/fr\/solutions\/evlogix\/\">Read More&#8230;<span class=\"screen-reader-text\"> from EVLOGIX<\/span><\/a><\/p>\n","protected":false},"author":1,"featured_media":0,"parent":88,"menu_order":0,"comment_status":"closed","ping_status":"closed","template":"page-evlogix.php","meta":{"_acf_changed":true,"footnotes":""},"class_list":["post-162","page","type-page","status-publish","hentry"],"acf":[],"aioseo_notices":[],"_links":{"self":[{"href":"https:\/\/evloenergy.com\/fr\/wp-json\/wp\/v2\/pages\/162","targetHints":{"allow":["GET"]}}],"collection":[{"href":"https:\/\/evloenergy.com\/fr\/wp-json\/wp\/v2\/pages"}],"about":[{"href":"https:\/\/evloenergy.com\/fr\/wp-json\/wp\/v2\/types\/page"}],"author":[{"embeddable":true,"href":"https:\/\/evloenergy.com\/fr\/wp-json\/wp\/v2\/users\/1"}],"replies":[{"embeddable":true,"href":"https:\/\/evloenergy.com\/fr\/wp-json\/wp\/v2\/comments?post=162"}],"version-history":[{"count":0,"href":"https:\/\/evloenergy.com\/fr\/wp-json\/wp\/v2\/pages\/162\/revisions"}],"up":[{"embeddable":true,"href":"https:\/\/evloenergy.com\/fr\/wp-json\/wp\/v2\/pages\/88"}],"wp:attachment":[{"href":"https:\/\/evloenergy.com\/fr\/wp-json\/wp\/v2\/media?parent=162"}],"curies":[{"name":"wp","href":"https:\/\/api.w.org\/{rel}","templated":true}]}}