{"id":184,"date":"2025-01-12T16:19:25","date_gmt":"2025-01-12T21:19:25","guid":{"rendered":"https:\/\/evloenergy.com\/?page_id=184"},"modified":"2025-02-10T19:36:38","modified_gmt":"2025-02-11T00:36:38","slug":"contact","status":"publish","type":"page","link":"https:\/\/evloenergy.com\/fr\/contact\/","title":{"rendered":"Contact"},"content":{"rendered":"\n<h2 class=\"wp-block-heading has-text-align-center txt-bleu titre1\">Alimenter l&rsquo;\u00e9volution du stockage d&rsquo;\u00e9nergie<\/h2>\n\n\n\n<p class=\"has-text-align-center surtitre\">Contactez-nous \u00e0 propos de votre prochain projet, des opportunit\u00e9s de partenariat et d&rsquo;autres solutions de stockage d&rsquo;\u00e9nergie<\/p>\n\n\n\n<p><\/p>\n","protected":false},"excerpt":{"rendered":"<p>Alimenter l&rsquo;\u00e9volution du stockage d&rsquo;\u00e9nergie Contactez-nous \u00e0 propos de votre prochain projet, des opportunit\u00e9s de partenariat et d&rsquo;autres solutions de stockage d&rsquo;\u00e9nergie [&#8230;]<\/p>\n<p><a class=\"btn btn-secondary understrap-read-more-link\" href=\"https:\/\/evloenergy.com\/fr\/contact\/\">Read More&#8230;<span class=\"screen-reader-text\"> from Contact<\/span><\/a><\/p>\n","protected":false},"author":1,"featured_media":0,"parent":0,"menu_order":7,"comment_status":"closed","ping_status":"closed","template":"","meta":{"_acf_changed":false,"footnotes":""},"class_list":["post-184","page","type-page","status-publish","hentry"],"acf":[],"aioseo_notices":[],"_links":{"self":[{"href":"https:\/\/evloenergy.com\/fr\/wp-json\/wp\/v2\/pages\/184","targetHints":{"allow":["GET"]}}],"collection":[{"href":"https:\/\/evloenergy.com\/fr\/wp-json\/wp\/v2\/pages"}],"about":[{"href":"https:\/\/evloenergy.com\/fr\/wp-json\/wp\/v2\/types\/page"}],"author":[{"embeddable":true,"href":"https:\/\/evloenergy.com\/fr\/wp-json\/wp\/v2\/users\/1"}],"replies":[{"embeddable":true,"href":"https:\/\/evloenergy.com\/fr\/wp-json\/wp\/v2\/comments?post=184"}],"version-history":[{"count":0,"href":"https:\/\/evloenergy.com\/fr\/wp-json\/wp\/v2\/pages\/184\/revisions"}],"wp:attachment":[{"href":"https:\/\/evloenergy.com\/fr\/wp-json\/wp\/v2\/media?parent=184"}],"curies":[{"name":"wp","href":"https:\/\/api.w.org\/{rel}","templated":true}]}}