{"id":214,"date":"2025-01-12T17:38:22","date_gmt":"2025-01-12T22:38:22","guid":{"rendered":"https:\/\/evloenergy.com\/?page_id=214"},"modified":"2025-04-14T14:28:12","modified_gmt":"2025-04-14T18:28:12","slug":"conditions-dutilisation","status":"publish","type":"page","link":"https:\/\/evloenergy.com\/fr\/conditions-dutilisation\/","title":{"rendered":"Conditions d&rsquo;utilisation"},"content":{"rendered":"\n<p class=\"mb-4\">Conditions d\u2019utilisation en vigueur \u00e0 compter du 27 juillet 2020<\/p>\n\n\n\n<p class=\"mb-4\">Bienvenue sur le site Web de Stockage d\u2019\u00e9nergie EVLO inc. (ci-apr\u00e8s \u00ab EVLO \u00bb), entreprise qui offre des produits et services de stockage d\u2019\u00e9nergie.<\/p>\n\n\n\n<p class=\"mb-4\">Afin de communiquer avec nous ou de t\u00e9l\u00e9charger notre documentation, vous devez fournir certains renseignements personnels pour vous identifier, comme vos nom et pr\u00e9nom et votre adresse courriel, afin que les repr\u00e9sentants d\u2019EVLO puissent communiquer avec vous. Nous tenons au respect de votre vie priv\u00e9e et vous invitons \u00e0&nbsp;<a href=\"https:\/\/evloenergy.com\/fr\/conditions-dutilisation\">consulter la Politique de confidentialit\u00e9 d\u2019EVLO<\/a>&nbsp;pour conna\u00eetre nos pratiques en mati\u00e8re de protection de vos renseignements personnels.<\/p>\n\n\n\n<h2 class=\"wp-block-heading txt-bleu\">Entente sur les conditions d\u2019utilisation du site Web<\/h2>\n\n\n\n<p class=\"mb-4\">En utilisant le site Web d\u2019EVLO, vous acceptez express\u00e9ment d\u2019\u00eatre li\u00e9 \u00e0 titre d\u2019utilisateur par les pr\u00e9sentes conditions d\u2019utilisation (ci-apr\u00e8s les \u00ab conditions d\u2019utilisation \u00bb). Ces conditions d\u2019utilisation constituent donc une entente entre vous et EVLO relativement \u00e0 l\u2019utilisation du site Web. EVLO se r\u00e9serve le droit de modifier ces conditions d\u2019utilisation en tout temps. En cons\u00e9quence, EVLO vous invite \u00e0 lire attentivement les conditions d\u2019utilisation avant de poursuivre l\u2019utilisation de son site Web. Si une nouvelle version des conditions d\u2019utilisation est publi\u00e9e, vous devez les consulter et les accepter \u00e0 nouveau. Si vous n\u2019\u00eates pas d\u2019accord avec les conditions d\u2019utilisation, vous ne devez pas utiliser le site Web d\u2019EVLO.<\/p>\n\n\n\n<p class=\"mb-4\">Ni l\u2019utilisateur ni aucune autre personne ne peut utiliser le site Web d\u2019EVLO ou son contenu \u00e0 des fins interdites, par quelque moyen que ce soit, directement ou indirectement, notamment:<\/p>\n\n\n\n<ul class=\"wp-block-list\">\n<li>\u00e0 des fins commerciales sans avoir obtenu le consentement pr\u00e9alable \u00e9crit d\u2019EVLO;<\/li>\n\n\n\n<li>de mani\u00e8re \u00e0 causer des perturbations informatiques ou en d\u00e9codant l\u2019application;<\/li>\n\n\n\n<li>en compromettant la s\u00e9curit\u00e9 de l\u2019application;<\/li>\n\n\n\n<li>\u00e0 des fins ill\u00e9gales.<\/li>\n<\/ul>\n\n\n\n<p class=\"mb-4\">En ce qui concerne les \u00e9changes effectu\u00e9s au moyen du site Web, ils doivent se faire dans le respect des employ\u00e9s, des mandataires et des fournisseurs d\u2019EVLO et des autres utilisateurs. EVLO ne peut \u00eatre tenue responsable des infractions commises par les utilisateurs du site Web. Les interdictions suivantes font partie des conditions d\u2019utilisation. Ainsi, il est strictement interdit, notamment:<\/p>\n\n\n\n<ul class=\"wp-block-list\">\n<li>de harceler les employ\u00e9s, les mandataires et les fournisseurs d\u2019EVLO et les autres utilisateurs;<\/li>\n\n\n\n<li>d\u2019usurper l\u2019identit\u00e9 d\u2019autrui (nom d\u2019utilisateur et mot de passe) pour utiliser le site Web;<\/li>\n\n\n\n<li>de diffuser des messages ou des documents \u00e0 caract\u00e8re haineux, diffamatoire, mena\u00e7ant ou obsc\u00e8ne;<\/li>\n\n\n\n<li>de nuire \u00e0 la vie priv\u00e9e ou \u00e0 la r\u00e9putation d\u2019autrui.<\/li>\n<\/ul>\n\n\n\n<p class=\"mb-4\">EVLO se r\u00e9serve le droit de limiter ou de refuser l\u2019acc\u00e8s au site Web en tout temps, sans pr\u00e9avis.<\/p>\n\n\n\n<h2 class=\"wp-block-heading txt-bleu\">Lois applicables<\/h2>\n\n\n\n<p class=\"mb-4\">Les conditions d\u2019utilisation sont r\u00e9gies par les lois applicables au Qu\u00e9bec. Tout litige ou diff\u00e9rend s\u2019y rapportant est soumis \u00e0 la comp\u00e9tence exclusive des tribunaux du Qu\u00e9bec, dans le district de Montr\u00e9al.<\/p>\n\n\n\n<h2 class=\"wp-block-heading txt-bleu\">Limitation de responsabilit\u00e9<\/h2>\n\n\n\n<p class=\"mb-4\">EVLO se r\u00e9serve le droit de ne pas fournir un service ou un produit aux personnes qui ne remplissent pas ses conditions d\u2019admissibilit\u00e9. Dans ce cas, EVLO ne peut \u00eatre tenue responsable de quelque fa\u00e7on que ce soit.<\/p>\n\n\n\n<p class=\"mb-4\">EVLO prend les mesures raisonnables pour tenir \u00e0 jour le contenu de son site Web. Toutefois, des erreurs, des omissions et des inexactitudes peuvent s\u2019y glisser. EVLO n\u2019assume aucune responsabilit\u00e9 \u00e0 l\u2019\u00e9gard de celles-ci. EVLO se r\u00e9serve le droit de faire la promotion de produits en cours d\u2019\u00e9laboration ; ainsi, les caract\u00e9ristiques de ceux-ci peuvent changer.<\/p>\n\n\n\n<p>Il est entendu, sans que soit limit\u00e9e la port\u00e9e g\u00e9n\u00e9rale de ce qui pr\u00e9c\u00e8de, qu\u2019EVLO n\u2019offre aucune garantie quant aux \u00e9l\u00e9ments suivants :<\/p>\n\n\n\n<ul class=\"wp-block-list\">\n<li>l\u2019exactitude, l\u2019actualit\u00e9 et l\u2019exhaustivit\u00e9 des contenus sur le site Web;<\/li>\n\n\n\n<li>la compatibilit\u00e9 du contenu de son site Web avec les syst\u00e8mes informatiques des utilisateurs;<\/li>\n\n\n\n<li>le fonctionnement s\u00e9curitaire du site Web et l\u2019absence d\u2019interruptions, de retards, d\u2019omissions, de pertes d\u2019information, de d\u00e9faillances, de programmes malveillants ou de toute autre cause de dommages aux syst\u00e8mes informatiques de l\u2019utilisateur;<\/li>\n\n\n\n<li>la mesure dans laquelle le site Web, ou un service ou un produit qui y est offert, r\u00e9pond aux besoins et aux attentes des utilisateurs;<\/li>\n\n\n\n<li>les dommages caus\u00e9s par le comportement d\u2019un tiers lors de l\u2019utilisation du site Web, d\u2019un service ou d\u2019un produit.<\/li>\n<\/ul>\n\n\n\n<p class=\"mb-4\">Afin d\u2019utiliser le site Web, vous pourriez devoir doter vos appareils et syst\u00e8mes informatiques de logiciels ou de dispositifs de s\u00e9curit\u00e9, \u00e0 vos frais.<\/p>\n\n\n\n<p class=\"mb-4\">EVLO se r\u00e9serve le droit, en tout temps, de modifier ses services, de les interrompre ou d\u2019y mettre fin, de fa\u00e7on temporaire ou permanente, sans avis pr\u00e9alable. Dans un tel cas, vous reconnaissez qu\u2019EVLO ne peut \u00eatre tenue responsable des dommages ou des inconv\u00e9nients caus\u00e9s par l\u2019utilisation, l\u2019interruption, la non-accessibilit\u00e9 ou le non-fonctionnement de son site Web.<\/p>\n\n\n\n<h2 class=\"wp-block-heading txt-bleu\">Propri\u00e9t\u00e9 intellectuelle<\/h2>\n\n\n\n<p class=\"mb-4\">Le nom et le logo d\u2019EVLO sont la propri\u00e9t\u00e9 d\u2019EVLO. Le nom et le logo d\u2019Hydro-Qu\u00e9bec sont la propri\u00e9t\u00e9 d\u2019Hydro-Qu\u00e9bec. Tout le contenu du site Web est la propri\u00e9t\u00e9 d\u2019EVLO, \u00e0 moins d\u2019indication contraire expresse, et est prot\u00e9g\u00e9 par la l\u00e9gislation sur le droit d\u2019auteur. Si vous d\u00e9sirez utiliser, copier, traduire, publier ou diffuser ce contenu, en tout ou en partie, vous devez obtenir au pr\u00e9alable l\u2019autorisation \u00e9crite d\u2019EVLO.<\/p>\n\n\n\n<h2 class=\"wp-block-heading txt-bleu\">Fermez correctement votre session<\/h2>\n\n\n\n<p>Ne laissez pas votre ordinateur, tablette ou t\u00e9l\u00e9phone sans surveillance apr\u00e8s avoir ouvert une session sur le site Web. Apr\u00e8s avoir utilis\u00e9 un service, fermez votre session.<\/p>\n\n\n\n<p>Les pr\u00e9sentes conditions d\u2019utilisation du site Web constituent la totalit\u00e9 de l\u2019accord pass\u00e9 entre EVLO et vous, l\u2019utilisateur. D\u2019autres conditions d\u2019utilisation relatives \u00e0 d\u2019autres services pourraient \u00eatre diffus\u00e9es ult\u00e9rieurement.<\/p>\n","protected":false},"excerpt":{"rendered":"<p>Conditions d\u2019utilisation en vigueur \u00e0 compter du 27 juillet 2020 Bienvenue sur le site Web de Stockage d\u2019\u00e9nergie EVLO inc. (ci-apr\u00e8s \u00ab EVLO \u00bb), entreprise qui offre des produits et services de stockage d\u2019\u00e9nergie. Afin de communiquer avec nous ou de t\u00e9l\u00e9charger notre documentation, vous devez fournir certains renseignements personnels pour vous identifier, comme vos [&#8230;]<\/p>\n<p><a class=\"btn btn-secondary understrap-read-more-link\" href=\"https:\/\/evloenergy.com\/fr\/conditions-dutilisation\/\">Read More&#8230;<span class=\"screen-reader-text\"> from Conditions d&rsquo;utilisation<\/span><\/a><\/p>\n","protected":false},"author":1,"featured_media":0,"parent":0,"menu_order":88,"comment_status":"closed","ping_status":"closed","template":"","meta":{"_acf_changed":false,"footnotes":""},"class_list":["post-214","page","type-page","status-publish","hentry"],"acf":[],"aioseo_notices":[],"_links":{"self":[{"href":"https:\/\/evloenergy.com\/fr\/wp-json\/wp\/v2\/pages\/214","targetHints":{"allow":["GET"]}}],"collection":[{"href":"https:\/\/evloenergy.com\/fr\/wp-json\/wp\/v2\/pages"}],"about":[{"href":"https:\/\/evloenergy.com\/fr\/wp-json\/wp\/v2\/types\/page"}],"author":[{"embeddable":true,"href":"https:\/\/evloenergy.com\/fr\/wp-json\/wp\/v2\/users\/1"}],"replies":[{"embeddable":true,"href":"https:\/\/evloenergy.com\/fr\/wp-json\/wp\/v2\/comments?post=214"}],"version-history":[{"count":0,"href":"https:\/\/evloenergy.com\/fr\/wp-json\/wp\/v2\/pages\/214\/revisions"}],"wp:attachment":[{"href":"https:\/\/evloenergy.com\/fr\/wp-json\/wp\/v2\/media?parent=214"}],"curies":[{"name":"wp","href":"https:\/\/api.w.org\/{rel}","templated":true}]}}