{"id":22,"date":"2024-12-17T14:23:38","date_gmt":"2024-12-17T19:23:38","guid":{"rendered":"https:\/\/evloenergy.com\/?page_id=22"},"modified":"2025-04-01T10:52:25","modified_gmt":"2025-04-01T14:52:25","slug":"qui-nous-sommes","status":"publish","type":"page","link":"https:\/\/evloenergy.com\/fr\/qui-nous-sommes\/","title":{"rendered":"Notre vision"},"content":{"rendered":"\n<h2 class=\"wp-block-heading titre1 filet txt-bleu\">EVLO est r\u00e9siliente, agile et transformatrice<\/h2>\n\n\n\n<p>Fournisseur de syst\u00e8mes et de solutions de stockage d\u2019\u00e9nergie par batterie enti\u00e8rement int\u00e9gr\u00e9s, notre entreprise fait progresser le march\u00e9 du stockage d\u2019\u00e9nergie. \u00c0 son exp\u00e9rience approfondie du secteur, EVLO associe un service \u00e0 la client\u00e8le in\u00e9gal\u00e9 pour fournir des syst\u00e8mes et des solutions de stockage de classe mondiale.<\/p>\n\n\n\n<p><\/p>\n","protected":false},"excerpt":{"rendered":"<p>EVLO est r\u00e9siliente, agile et transformatrice Fournisseur de syst\u00e8mes et de solutions de stockage d\u2019\u00e9nergie par batterie enti\u00e8rement int\u00e9gr\u00e9s, notre entreprise fait progresser le march\u00e9 du stockage d\u2019\u00e9nergie. \u00c0 son exp\u00e9rience approfondie du secteur, EVLO associe un service \u00e0 la client\u00e8le in\u00e9gal\u00e9 pour fournir des syst\u00e8mes et des solutions de stockage de classe mondiale. [&#8230;]<\/p>\n<p><a class=\"btn btn-secondary understrap-read-more-link\" href=\"https:\/\/evloenergy.com\/fr\/qui-nous-sommes\/\">Read More&#8230;<span class=\"screen-reader-text\"> from Notre vision<\/span><\/a><\/p>\n","protected":false},"author":1,"featured_media":0,"parent":0,"menu_order":3,"comment_status":"closed","ping_status":"closed","template":"page-vision.php","meta":{"_acf_changed":false,"footnotes":""},"class_list":["post-22","page","type-page","status-publish","hentry"],"acf":[],"aioseo_notices":[],"_links":{"self":[{"href":"https:\/\/evloenergy.com\/fr\/wp-json\/wp\/v2\/pages\/22","targetHints":{"allow":["GET"]}}],"collection":[{"href":"https:\/\/evloenergy.com\/fr\/wp-json\/wp\/v2\/pages"}],"about":[{"href":"https:\/\/evloenergy.com\/fr\/wp-json\/wp\/v2\/types\/page"}],"author":[{"embeddable":true,"href":"https:\/\/evloenergy.com\/fr\/wp-json\/wp\/v2\/users\/1"}],"replies":[{"embeddable":true,"href":"https:\/\/evloenergy.com\/fr\/wp-json\/wp\/v2\/comments?post=22"}],"version-history":[{"count":0,"href":"https:\/\/evloenergy.com\/fr\/wp-json\/wp\/v2\/pages\/22\/revisions"}],"wp:attachment":[{"href":"https:\/\/evloenergy.com\/fr\/wp-json\/wp\/v2\/media?parent=22"}],"curies":[{"name":"wp","href":"https:\/\/api.w.org\/{rel}","templated":true}]}}