{"id":230,"date":"2025-01-13T14:46:28","date_gmt":"2025-01-13T19:46:28","guid":{"rendered":"https:\/\/evloenergy.com\/?page_id=230"},"modified":"2025-02-10T19:35:44","modified_gmt":"2025-02-11T00:35:44","slug":"nos-projets","status":"publish","type":"page","link":"https:\/\/evloenergy.com\/fr\/nos-projets\/","title":{"rendered":"Nos projets"},"content":{"rendered":"\n<h2 class=\"wp-block-heading txt-bleu titre1 filet\">Transformer l\u2019avenir \u00e9nerg\u00e9tique avec EVLO<\/h2>\n\n\n\n<p>Nos projets r\u00e9pondent \u00e0 la demande croissante en mati\u00e8re de solutions de stockage d\u2019\u00e9nergie s\u00e9curitaires et \u00e9volutives. Nous travaillons avec nos clients pour leur offrir une exp\u00e9rience compl\u00e8te qui r\u00e9pond \u00e0 leurs besoins. Gr\u00e2ce au soutien exceptionnel de ses experts, EVLO con\u00e7oit, d\u00e9veloppe et d\u00e9ploie sur le march\u00e9 des syst\u00e8mes de stockage d\u2019\u00e9nergie \u00e0 grande \u00e9chelle.<\/p>\n","protected":false},"excerpt":{"rendered":"<p>Transformer l\u2019avenir \u00e9nerg\u00e9tique avec EVLO Nos projets r\u00e9pondent \u00e0 la demande croissante en mati\u00e8re de solutions de stockage d\u2019\u00e9nergie s\u00e9curitaires et \u00e9volutives. Nous travaillons avec nos clients pour leur offrir une exp\u00e9rience compl\u00e8te qui r\u00e9pond \u00e0 leurs besoins. Gr\u00e2ce au soutien exceptionnel de ses experts, EVLO con\u00e7oit, d\u00e9veloppe et d\u00e9ploie sur le march\u00e9 des syst\u00e8mes [&#8230;]<\/p>\n<p><a class=\"btn btn-secondary understrap-read-more-link\" href=\"https:\/\/evloenergy.com\/fr\/nos-projets\/\">Read More&#8230;<span class=\"screen-reader-text\"> from Nos projets<\/span><\/a><\/p>\n","protected":false},"author":1,"featured_media":0,"parent":0,"menu_order":2,"comment_status":"closed","ping_status":"closed","template":"page-projet.php","meta":{"_acf_changed":false,"footnotes":""},"class_list":["post-230","page","type-page","status-publish","hentry"],"acf":[],"aioseo_notices":[],"_links":{"self":[{"href":"https:\/\/evloenergy.com\/fr\/wp-json\/wp\/v2\/pages\/230","targetHints":{"allow":["GET"]}}],"collection":[{"href":"https:\/\/evloenergy.com\/fr\/wp-json\/wp\/v2\/pages"}],"about":[{"href":"https:\/\/evloenergy.com\/fr\/wp-json\/wp\/v2\/types\/page"}],"author":[{"embeddable":true,"href":"https:\/\/evloenergy.com\/fr\/wp-json\/wp\/v2\/users\/1"}],"replies":[{"embeddable":true,"href":"https:\/\/evloenergy.com\/fr\/wp-json\/wp\/v2\/comments?post=230"}],"version-history":[{"count":0,"href":"https:\/\/evloenergy.com\/fr\/wp-json\/wp\/v2\/pages\/230\/revisions"}],"wp:attachment":[{"href":"https:\/\/evloenergy.com\/fr\/wp-json\/wp\/v2\/media?parent=230"}],"curies":[{"name":"wp","href":"https:\/\/api.w.org\/{rel}","templated":true}]}}