{"id":234,"date":"2025-01-13T15:52:48","date_gmt":"2025-01-13T20:52:48","guid":{"rendered":"https:\/\/evloenergy.com\/?page_id=234"},"modified":"2025-02-10T19:36:24","modified_gmt":"2025-02-11T00:36:24","slug":"nouvelles","status":"publish","type":"page","link":"https:\/\/evloenergy.com\/fr\/nouvelles\/","title":{"rendered":"Nouvelles"},"content":{"rendered":"\n<h3 class=\"wp-block-heading has-text-align-center txt-bleu titre2\">Toutes les actualit\u00e9s et informations<\/h3>\n\n\n\n<p class=\"has-text-align-center\">Voir les actualit\u00e9s de l&rsquo;entreprise et son leadership \u00e9clair\u00e9 sur les solutions de stockage d&rsquo;\u00e9nergie<\/p>\n","protected":false},"excerpt":{"rendered":"<p>Toutes les actualit\u00e9s et informations Voir les actualit\u00e9s de l&rsquo;entreprise et son leadership \u00e9clair\u00e9 sur les solutions de stockage d&rsquo;\u00e9nergie [&#8230;]<\/p>\n<p><a class=\"btn btn-secondary understrap-read-more-link\" href=\"https:\/\/evloenergy.com\/fr\/nouvelles\/\">Read More&#8230;<span class=\"screen-reader-text\"> from Nouvelles<\/span><\/a><\/p>\n","protected":false},"author":1,"featured_media":0,"parent":0,"menu_order":5,"comment_status":"closed","ping_status":"closed","template":"page-nouvelle.php","meta":{"_acf_changed":false,"footnotes":""},"class_list":["post-234","page","type-page","status-publish","hentry"],"acf":[],"aioseo_notices":[],"_links":{"self":[{"href":"https:\/\/evloenergy.com\/fr\/wp-json\/wp\/v2\/pages\/234","targetHints":{"allow":["GET"]}}],"collection":[{"href":"https:\/\/evloenergy.com\/fr\/wp-json\/wp\/v2\/pages"}],"about":[{"href":"https:\/\/evloenergy.com\/fr\/wp-json\/wp\/v2\/types\/page"}],"author":[{"embeddable":true,"href":"https:\/\/evloenergy.com\/fr\/wp-json\/wp\/v2\/users\/1"}],"replies":[{"embeddable":true,"href":"https:\/\/evloenergy.com\/fr\/wp-json\/wp\/v2\/comments?post=234"}],"version-history":[{"count":0,"href":"https:\/\/evloenergy.com\/fr\/wp-json\/wp\/v2\/pages\/234\/revisions"}],"wp:attachment":[{"href":"https:\/\/evloenergy.com\/fr\/wp-json\/wp\/v2\/media?parent=234"}],"curies":[{"name":"wp","href":"https:\/\/api.w.org\/{rel}","templated":true}]}}