{"id":33,"date":"2024-12-24T11:13:45","date_gmt":"2024-12-24T16:13:45","guid":{"rendered":"https:\/\/evloenergy.com\/?page_id=33"},"modified":"2025-02-10T19:36:30","modified_gmt":"2025-02-11T00:36:30","slug":"carrieres","status":"publish","type":"page","link":"https:\/\/evloenergy.com\/fr\/carrieres\/","title":{"rendered":"Carri\u00e8res"},"content":{"rendered":"\n<h2 class=\"wp-block-heading txt-bleu titre1\">L\u00e0 o\u00f9 vos id\u00e9es et vos actions font la diff\u00e9rence<\/h2>\n\n\n\n<p>Si vous vous int\u00e9ressez \u00e0 l\u2019innovation, aux nouvelles technologies et \u00e0 relever les principaux d\u00e9fis de l\u2019industrie, une carri\u00e8re \u00e0 EVLO vous permettra de laisser votre empreinte. Vous pourrez travailler avec une \u00e9quipe hautement qualifi\u00e9e qui incarne nos valeurs et notre raison d\u2019\u00eatre, tout en jouant un r\u00f4le actif dans la transition \u00e9nerg\u00e9tique.<\/p>\n\n\n\n<ul class=\"wp-block-list\">\n<li>Esprit entrepreneurial dans le march\u00e9 en expansion du stockage d\u2019\u00e9nergie<\/li>\n\n\n\n<li>Culture d\u2019entreprise favorisant de nouvelles id\u00e9es et un vrai changement<\/li>\n\n\n\n<li>Environnement dynamique \u00e0 fort potentiel de croissance<\/li>\n\n\n\n<li>Valeur environnementale pour le Canada, les \u00c9tats-Unis et au-del\u00e0<\/li>\n\n\n\n<li>Entreprise forte de d\u00e9cennies de cr\u00e9dibilit\u00e9 en tant que filiale d\u2019Hydro-Qu\u00e9bec<\/li>\n\n\n\n<li>\u00c9quilibre travail-vie personnelle et soutien \u00e0 la vie professionnelle et personnelle<\/li>\n<\/ul>\n","protected":false},"excerpt":{"rendered":"<p>L\u00e0 o\u00f9 vos id\u00e9es et vos actions font la diff\u00e9rence Si vous vous int\u00e9ressez \u00e0 l\u2019innovation, aux nouvelles technologies et \u00e0 relever les principaux d\u00e9fis de l\u2019industrie, une carri\u00e8re \u00e0 EVLO vous permettra de laisser votre empreinte. Vous pourrez travailler avec une \u00e9quipe hautement qualifi\u00e9e qui incarne nos valeurs et notre raison d\u2019\u00eatre, tout en [&#8230;]<\/p>\n<p><a class=\"btn btn-secondary understrap-read-more-link\" href=\"https:\/\/evloenergy.com\/fr\/carrieres\/\">Read More&#8230;<span class=\"screen-reader-text\"> from Carri\u00e8res<\/span><\/a><\/p>\n","protected":false},"author":1,"featured_media":0,"parent":0,"menu_order":6,"comment_status":"closed","ping_status":"closed","template":"page-carrieres.php","meta":{"_acf_changed":false,"footnotes":""},"class_list":["post-33","page","type-page","status-publish","hentry"],"acf":[],"aioseo_notices":[],"_links":{"self":[{"href":"https:\/\/evloenergy.com\/fr\/wp-json\/wp\/v2\/pages\/33","targetHints":{"allow":["GET"]}}],"collection":[{"href":"https:\/\/evloenergy.com\/fr\/wp-json\/wp\/v2\/pages"}],"about":[{"href":"https:\/\/evloenergy.com\/fr\/wp-json\/wp\/v2\/types\/page"}],"author":[{"embeddable":true,"href":"https:\/\/evloenergy.com\/fr\/wp-json\/wp\/v2\/users\/1"}],"replies":[{"embeddable":true,"href":"https:\/\/evloenergy.com\/fr\/wp-json\/wp\/v2\/comments?post=33"}],"version-history":[{"count":0,"href":"https:\/\/evloenergy.com\/fr\/wp-json\/wp\/v2\/pages\/33\/revisions"}],"wp:attachment":[{"href":"https:\/\/evloenergy.com\/fr\/wp-json\/wp\/v2\/media?parent=33"}],"curies":[{"name":"wp","href":"https:\/\/api.w.org\/{rel}","templated":true}]}}