{"id":76,"date":"2025-01-07T14:07:38","date_gmt":"2025-01-07T19:07:38","guid":{"rendered":"https:\/\/evloenergy.com\/?page_id=76"},"modified":"2025-04-22T13:34:37","modified_gmt":"2025-04-22T17:34:37","slug":"lequipe-de-direction","status":"publish","type":"page","link":"https:\/\/evloenergy.com\/fr\/qui-nous-sommes\/lequipe-de-direction\/","title":{"rendered":"L&rsquo;\u00e9quipe de direction"},"content":{"rendered":"\n<h2 class=\"wp-block-heading has-text-align-center titre1 txt-bleu mb-4\">Inspir\u00e9e par l\u2019innovation, motiv\u00e9e par la transition \u00e9nerg\u00e9tique<\/h2>\n\n\n\n<p class=\"has-text-align-center\">Notre \u00e9quipe diversifi\u00e9e met \u00e0 profit des d\u00e9cennies d\u2019expertise technique pertinente pour offrir des solutions de stockage d\u2019\u00e9nergie essentielles. Voici quelques-uns des experts responsables des produits et des technologies qui appuieront l\u2019adoption de l\u2019\u00e9nergie propre dans les grandes entreprises et les collectivit\u00e9s du monde entier.<\/p>\n","protected":false},"excerpt":{"rendered":"<p>Inspir\u00e9e par l\u2019innovation, motiv\u00e9e par la transition \u00e9nerg\u00e9tique Notre \u00e9quipe diversifi\u00e9e met \u00e0 profit des d\u00e9cennies d\u2019expertise technique pertinente pour offrir des solutions de stockage d\u2019\u00e9nergie essentielles. Voici quelques-uns des experts responsables des produits et des technologies qui appuieront l\u2019adoption de l\u2019\u00e9nergie propre dans les grandes entreprises et les collectivit\u00e9s du monde entier. [&#8230;]<\/p>\n<p><a class=\"btn btn-secondary understrap-read-more-link\" href=\"https:\/\/evloenergy.com\/fr\/qui-nous-sommes\/lequipe-de-direction\/\">Read More&#8230;<span class=\"screen-reader-text\"> from L&rsquo;\u00e9quipe de direction<\/span><\/a><\/p>\n","protected":false},"author":1,"featured_media":0,"parent":22,"menu_order":4,"comment_status":"closed","ping_status":"closed","template":"page-equipe.php","meta":{"_acf_changed":true,"footnotes":""},"class_list":["post-76","page","type-page","status-publish","hentry"],"acf":[],"aioseo_notices":[],"_links":{"self":[{"href":"https:\/\/evloenergy.com\/fr\/wp-json\/wp\/v2\/pages\/76","targetHints":{"allow":["GET"]}}],"collection":[{"href":"https:\/\/evloenergy.com\/fr\/wp-json\/wp\/v2\/pages"}],"about":[{"href":"https:\/\/evloenergy.com\/fr\/wp-json\/wp\/v2\/types\/page"}],"author":[{"embeddable":true,"href":"https:\/\/evloenergy.com\/fr\/wp-json\/wp\/v2\/users\/1"}],"replies":[{"embeddable":true,"href":"https:\/\/evloenergy.com\/fr\/wp-json\/wp\/v2\/comments?post=76"}],"version-history":[{"count":0,"href":"https:\/\/evloenergy.com\/fr\/wp-json\/wp\/v2\/pages\/76\/revisions"}],"up":[{"embeddable":true,"href":"https:\/\/evloenergy.com\/fr\/wp-json\/wp\/v2\/pages\/22"}],"wp:attachment":[{"href":"https:\/\/evloenergy.com\/fr\/wp-json\/wp\/v2\/media?parent=76"}],"curies":[{"name":"wp","href":"https:\/\/api.w.org\/{rel}","templated":true}]}}