{"id":88,"date":"2025-01-08T09:39:40","date_gmt":"2025-01-08T14:39:40","guid":{"rendered":"https:\/\/evloenergy.com\/?page_id=88"},"modified":"2025-02-11T11:11:36","modified_gmt":"2025-02-11T16:11:36","slug":"solutions","status":"publish","type":"page","link":"https:\/\/evloenergy.com\/fr\/solutions\/","title":{"rendered":"Solutions enti\u00e8rement int\u00e9gr\u00e9es"},"content":{"rendered":"\n<h2 class=\"wp-block-heading txt-bleu\">De la conception des SS\u00c9B \u00e0 leur exploitation<\/h2>\n\n\n\n<p>EVLO fournit des solutions de stockage d\u2019\u00e9nergie par batterie (SS\u00c9B) \u00e0 la fine pointe de la technologie, accompagn\u00e9es d\u2019une gamme compl\u00e8te de services con\u00e7us pour r\u00e9pondre aux exigences uniques de votre projet. Avec des d\u00e9cennies d\u2019exp\u00e9rience pratique dans les technologies SS\u00c9B, nous nous engageons \u00e0 offrir une exp\u00e9rience client collaborative hors pair, de la conception \u00e0 l\u2019exploitation.<\/p>\n\n\n\n<p><\/p>\n","protected":false},"excerpt":{"rendered":"<p>De la conception des SS\u00c9B \u00e0 leur exploitation EVLO fournit des solutions de stockage d\u2019\u00e9nergie par batterie (SS\u00c9B) \u00e0 la fine pointe de la technologie, accompagn\u00e9es d\u2019une gamme compl\u00e8te de services con\u00e7us pour r\u00e9pondre aux exigences uniques de votre projet. Avec des d\u00e9cennies d\u2019exp\u00e9rience pratique dans les technologies SS\u00c9B, nous nous engageons \u00e0 offrir une [&#8230;]<\/p>\n<p><a class=\"btn btn-secondary understrap-read-more-link\" href=\"https:\/\/evloenergy.com\/fr\/solutions\/\">Read More&#8230;<span class=\"screen-reader-text\"> from Solutions enti\u00e8rement int\u00e9gr\u00e9es<\/span><\/a><\/p>\n","protected":false},"author":1,"featured_media":0,"parent":0,"menu_order":1,"comment_status":"closed","ping_status":"closed","template":"page-solution.php","meta":{"_acf_changed":false,"footnotes":""},"class_list":["post-88","page","type-page","status-publish","hentry"],"acf":[],"aioseo_notices":[],"_links":{"self":[{"href":"https:\/\/evloenergy.com\/fr\/wp-json\/wp\/v2\/pages\/88","targetHints":{"allow":["GET"]}}],"collection":[{"href":"https:\/\/evloenergy.com\/fr\/wp-json\/wp\/v2\/pages"}],"about":[{"href":"https:\/\/evloenergy.com\/fr\/wp-json\/wp\/v2\/types\/page"}],"author":[{"embeddable":true,"href":"https:\/\/evloenergy.com\/fr\/wp-json\/wp\/v2\/users\/1"}],"replies":[{"embeddable":true,"href":"https:\/\/evloenergy.com\/fr\/wp-json\/wp\/v2\/comments?post=88"}],"version-history":[{"count":0,"href":"https:\/\/evloenergy.com\/fr\/wp-json\/wp\/v2\/pages\/88\/revisions"}],"wp:attachment":[{"href":"https:\/\/evloenergy.com\/fr\/wp-json\/wp\/v2\/media?parent=88"}],"curies":[{"name":"wp","href":"https:\/\/api.w.org\/{rel}","templated":true}]}}