{"id":95,"date":"2025-01-09T14:39:02","date_gmt":"2025-01-09T19:39:02","guid":{"rendered":"https:\/\/evloenergy.com\/?page_id=95"},"modified":"2025-04-16T12:11:41","modified_gmt":"2025-04-16T16:11:41","slug":"evlo-synergy","status":"publish","type":"page","link":"https:\/\/evloenergy.com\/fr\/solutions\/evlo-synergy\/","title":{"rendered":"EVLO SYNERGY"},"content":{"rendered":"\n<h2 class=\"wp-block-heading txt-bleu filet\">EVLO SYNERGY offre une valeur exceptionnelle pour les projets \u00e0 grande \u00e9chelle<\/h2>\n\n\n\n<p>D\u00e9couvrez comment EVLO SYNERGY transforme le stockage d&rsquo;\u00e9nergie \u00e0 grande \u00e9chelle avec une conception \u00e0 haute densit\u00e9 utilisant la derni\u00e8re technologie LFP, offrant une valeur sup\u00e9rieure pour les services publics et les IPP. EVLO SYNERGY peut \u00eatre configur\u00e9 pour une large gamme d&rsquo;applications \u00e9nerg\u00e9tiques.<\/p>\n","protected":false},"excerpt":{"rendered":"<p>EVLO SYNERGY offre une valeur exceptionnelle pour les projets \u00e0 grande \u00e9chelle D\u00e9couvrez comment EVLO SYNERGY transforme le stockage d&rsquo;\u00e9nergie \u00e0 grande \u00e9chelle avec une conception \u00e0 haute densit\u00e9 utilisant la derni\u00e8re technologie LFP, offrant une valeur sup\u00e9rieure pour les services publics et les IPP. EVLO SYNERGY peut \u00eatre configur\u00e9 pour une large gamme d&rsquo;applications [&#8230;]<\/p>\n<p><a class=\"btn btn-secondary understrap-read-more-link\" href=\"https:\/\/evloenergy.com\/fr\/solutions\/evlo-synergy\/\">Read More&#8230;<span class=\"screen-reader-text\"> from EVLO SYNERGY<\/span><\/a><\/p>\n","protected":false},"author":1,"featured_media":0,"parent":88,"menu_order":0,"comment_status":"closed","ping_status":"closed","template":"page-evlo-synergy.php","meta":{"_acf_changed":false,"footnotes":""},"class_list":["post-95","page","type-page","status-publish","hentry"],"acf":[],"aioseo_notices":[],"_links":{"self":[{"href":"https:\/\/evloenergy.com\/fr\/wp-json\/wp\/v2\/pages\/95","targetHints":{"allow":["GET"]}}],"collection":[{"href":"https:\/\/evloenergy.com\/fr\/wp-json\/wp\/v2\/pages"}],"about":[{"href":"https:\/\/evloenergy.com\/fr\/wp-json\/wp\/v2\/types\/page"}],"author":[{"embeddable":true,"href":"https:\/\/evloenergy.com\/fr\/wp-json\/wp\/v2\/users\/1"}],"replies":[{"embeddable":true,"href":"https:\/\/evloenergy.com\/fr\/wp-json\/wp\/v2\/comments?post=95"}],"version-history":[{"count":0,"href":"https:\/\/evloenergy.com\/fr\/wp-json\/wp\/v2\/pages\/95\/revisions"}],"up":[{"embeddable":true,"href":"https:\/\/evloenergy.com\/fr\/wp-json\/wp\/v2\/pages\/88"}],"wp:attachment":[{"href":"https:\/\/evloenergy.com\/fr\/wp-json\/wp\/v2\/media?parent=95"}],"curies":[{"name":"wp","href":"https:\/\/api.w.org\/{rel}","templated":true}]}}